{"id":532,"date":"2022-02-23T09:45:44","date_gmt":"2022-02-23T09:45:44","guid":{"rendered":"https:\/\/limongelli.faculty.test.polimi.it\/?page_id=532"},"modified":"2022-04-05T21:34:55","modified_gmt":"2022-04-05T21:34:55","slug":"vibration-based-monitoring","status":"publish","type":"page","link":"https:\/\/limongelli.faculty.test.polimi.it\/?page_id=532","title":{"rendered":"Vibration-based monitoring"},"content":{"rendered":"<p>In the last 30 years, vibration-based methods for Structural Health Monitoring of civil structures have been receiving increasing attention from both academics and operators, due to the several advantages they provide for damage identification purposes. These are related to the capability of providing information about the global state of the structure without prior knowledge about the location of damage and without the need to access the damaged portion of the structure. Furthermore, these methods can exploit the response to ambient vibrations induced by environmental or operational loads thereby enabling the continuous acquisition of information about the structural state. The activity of the research group on this topic has been devoted to the development of effective indicators for damage localization validated on real damaged structures. The latter task is often hampered by the unavailability of data and this constitutes indeed a challenge for the implementation of these techniques at the operational level. The Interpolation Damage Detection Method has been developed by the research group for beam-like and plate-like structures and successfully applied to several types of structures such as multistorey buildings, suspension, cable-stayed, and supported bridges. The most recent papers report the validation of the method on real damaged structures.<\/p>\n<p><img loading=\"lazy\" decoding=\"async\" class=\"size-medium wp-image-608 aligncenter\" src=\"https:\/\/limongelli.faculty.test.polimi.it\/wp-content\/uploads\/2022\/03\/vibration-based-1-300x148.png\" alt=\"\" width=\"300\" height=\"148\" srcset=\"https:\/\/limongelli.faculty.test.polimi.it\/wp-content\/uploads\/2022\/03\/vibration-based-1-300x148.png 300w, https:\/\/limongelli.faculty.test.polimi.it\/wp-content\/uploads\/2022\/03\/vibration-based-1-768x380.png 768w, https:\/\/limongelli.faculty.test.polimi.it\/wp-content\/uploads\/2022\/03\/vibration-based-1.png 884w\" sizes=\"auto, (max-width: 300px) 100vw, 300px\" \/><\/p>\n<h2>Journal Papers<\/h2>\n<p>Quqa, S., Giordano, P. F., <strong>Limongelli, M. P.<\/strong> (2022). Shared micromobility-driven modal identification of urban bridges. Automation in Construction, 134 doi:10.1016\/j.autcon.2021.104048<\/p>\n<p>Pisani M.A., <strong>Limongelli M.P<\/strong>., Giordano P.F., Palermo M. (2021). On the effectiveness of vibration-based monitoring for prestressed structures. Infrastructures, 6 (12). DOI: 10.3390\/infrastructures6120171<\/p>\n<p>Quqa, P. F. Giordano, <strong>M. P. Limongelli<\/strong>, Landi L. Diotallevi P. P. (2021). Clump interpolation error for the identification of damage using decentralized sensor networks. in Smart Structures and Systems, An International Journal, 27(2). DOI: 10.12989\/sss.2021.27.2.351. (JCR Impact factor: 3.557)<\/p>\n<p>F. Giordano, S. Quqa, and <strong>M. P. Limongelli<\/strong>, (2021) Statistical Approach for Vibration-Based Damage Localization in Civil Infrastructures Using Smart Sensor Networks. Infrastructures, 6(2) doi: 10.3390\/infrastructures6020022.<\/p>\n<p>Giordano P.F, <strong>Limongelli, M.P<\/strong>., (2020). Response-based time-invariant methods for damage localization on a concrete bridge<em>. <\/em>Structural Concrete. <a href=\"https:\/\/doi.org\/10.1002\/suco.202000013\">https:\/\/doi.org\/10.1002\/suco.202000013<\/a>. (JCR Impact factor: 2.174)<\/p>\n<p><strong>Limongelli, M<\/strong>.<strong>P.<\/strong>, Giordano, P. (2020) Vibration-based damage indicators: a comparison based on information entropy.\u00a0<em>J Civil Struct Health Monit<\/em>\u00a010,\u00a0251\u2013266 (2020). <a href=\"https:\/\/doi.org\/10.1007\/s13349-020-00381-9\">https:\/\/doi.org\/10.1007\/s13349-020-00381-9<\/a>. (JCR Impact factor: 2.45)<\/p>\n<p>Fathi A. <strong>Limongelli<\/strong> M.P. (2020) Statistical vibration-based damage localization for the S101 bridge, Flyover Reibersdorf, Austria, Structure and Infrastructure Engineering, DOI:<a href=\"https:\/\/doi.org\/10.1080\/15732479.2020.1777570\">10.1080\/15732479.2020.1777570<\/a> (JCR Impact Factor 2.62)<\/p>\n<p><strong>Limongelli M.P.<\/strong> (2019). The surface interpolation method for damage localization in plates\u201d. Mechanical Systems and Signal Processing 118 (2019) 171\u2013194. <a href=\"https:\/\/doi.org\/10.1016\/j.ymssp.2018.08.032\">https:\/\/doi.org\/10.1016\/j.ymssp.2018.08.032<\/a>. (JCR Impact factor: 6.471)<\/p>\n<p><strong>Limongelli<\/strong><strong> M.P.<\/strong>, Siegert D., Merliot E., Waeytens J., Bourquin F., Vidal R., Le Corvec V., Gueguen I., Cottineau L.M., (2016) \u201cDamage detection in a post-tensioned concrete beam \u2013 Experimental investigation\u201d, <em>Engineering <\/em><em>Structures<\/em>. Vol. 128, p. 15\u201325. dx.doi.org\/10.1016\/j.engstruct.2016.09.017. JCR Impact factor: 3.084<\/p>\n<p>Domaneschi M., <strong>Limongelli M.P.<\/strong>, Martinelli L., (2016) \u201cWind-driven damage localization on a suspension bridge\u201d, <em>The Baltic Journal of Road and Bridge Engineering<\/em>, 11(1),pp. 11-21. doi:10.3846\/bjrbe.2016.02.<\/p>\n<p>Busca G.,<strong> Limongelli M.P.<\/strong> (2015). An experimental evaluation of the reliability of a damage localization algorithm based on FRF interpolation. <em>Journal of Civil Structural Health Monitoring<\/em>, vol. 5, p. 427-439, ISSN: 2190-5452, doi: 10.1007\/s13349-015-0126-7. JCR Impact factor: 2.45<\/p>\n<p>Domaneschi M., <strong>Limongelli M.P.<\/strong>, Martinelli L., (2015) \u201cDamage detection and localization on a benchmark cable-stayed bridge\u201d, <em>Earthquakes and Structures<\/em>. 8(5), 1113-1126. DOI: <a href=\"https:\/\/doi.org\/10.12989\/eas.2015.8.5.1113\">https:\/\/doi.org\/10.12989\/eas.2015.8.5.1113<\/a><em>. <\/em>JCR Impact factor: 1.573<\/p>\n<p>Dilena M., <strong>Limongelli M.P<\/strong>. Morassi A. (2014). \u201cDamage localization in bridges via FRF interpolation method\u201d. <em>Mechanical Systems and Signal Processing, <\/em>52-53, pp 162-180. DOI:10.1016\/j.ymssp.2014.08.014. JCR Impact factor: 5.005<\/p>\n<p>Domaneschi M., <strong>Limongelli M.P.<\/strong>, Martinelli L., (2013) \u201cVibration-Based Damage Localization Using MEMS on a Suspension Bridge Model\u201d, <em>Smart Structures and Systems<\/em>, <strong>12(<\/strong>6), pp 679-694. DOI: 10.12989\/sss.2013.12.6.679 JCR Impact factor: 3.622<\/p>\n<p><strong>Limongelli M.P.<\/strong> (2010). \u201cFrequency Response Function Interpolation for Damage Detection under Changing Environment\u201c <em>Mechanical Systems and Signal Processing, <\/em>24, Issue 8, pp 2898-2913. https:\/\/doi.org\/10.1016\/j.ymssp.2010.03.004JCR Impact factor: 5.005<\/p>\n<p><strong>Limongelli M.P.<\/strong>, (2003). &#8220;Optimal location of sensors for the reconstruction of seismic responses through spline function interpolation&#8221;. <em>Earthquake Engineering and<\/em> <em>Structural Dynamics, <\/em>32, pp. 1055-1074. https:\/\/doi.org\/10.1002\/eqe.262 JCR Impact factor: 3.419<\/p>\n<p>&nbsp;<\/p>\n<h2>Conference Papers<\/h2>\n<p>Pisani M.A., <strong>Limongelli M.P., <\/strong>Giordano P.F., Palermo M. (2021) Numerical modelling strategy for deteriorated concrete decks in SHM applications<em>. <\/em><em>IABSE Congress, Ghent 2021: Structural Engineering for Future Societal Needs, 1643-1650. <\/em>Ghent, Belgium, September 22-24 (2021), pp. 1720-1727. ISBN: 978-385748163-5<\/p>\n<p><strong>Limongelli M.P<\/strong>., (2021). Vibration-based monitoring for emergency management. SHMII-10 Porto. June 30- July 2, 2021. <strong>Keynote lecture<\/strong><u>.<\/u><\/p>\n<p>Quqa S., Giordano P.F., <strong>Limongelli M.P.<\/strong> (2021) Structural integrity assessment of railway bridges during the passage of trains. SHMII-10 Porto. June 30- July 2, 2021.<\/p>\n<p>Venglar M., Giordano P. F., <strong>Limongelli, M. P.<\/strong>, Sokol M. (2020). Experimental assessment of vibration-based methods for damage localization. Paper presented at the Proceedings of the International Conference on Structural Dynamic, EURODYN, 948-959.<\/p>\n<p><strong>Limongelli M.P.<\/strong> (2019). Vibration-Based Structural Health Monitoring: challenges and opportunities. <em>SEMC 2019<\/em>: the<em> 7th international conference on Structural Engineering, Mechanics and Computation. Cape Town, South Africa. September 2-4, 2019. <\/em>DOI: 10.1201\/9780429426506-344<strong>. Invited lecture<\/strong><\/p>\n<p>Giordano P.F., <strong>Limongelli<\/strong> <strong>M.P. <\/strong>(2019), \u201cComparison of indicators of damage location based on information gain\u201d, 12<sup>th<\/sup> IWSHM. <em>\u00a0International Workshop on Structural Health Monitoring<\/em>, Stanford, California (USA), pp. 2493-2500. <strong>ISBN:\u00a0<\/strong>978-160595601-5.<\/p>\n<p>Giordano, P. F., <strong>Limongelli, M. P.<\/strong> (2018). Vibration-based damage identification for the S101 benchmark bridge: A comparison of indicators. <em>9th European Workshop on Structural Health Monitoring, EWSHM 2018<\/em>.<\/p>\n<p><strong>Limongelli M.P., <\/strong>Fathi A. (2018). The Interpolation Method: influence of feature uncertainties. <em>9th\u00a0 IABMAS: International Conference on Bridge Maintenance, Safety and Management<\/em>. Melbourne 9-13 July 2018. ISBN: 978-113873045-8<\/p>\n<p>Anzlin A., Prendergast L., Gavin K., <strong>Limongelli M.P. <\/strong>(2018) The effect of local scour of a single pier on the vibration parameters of a multi-span bridge under seismic excitation (2018). <em>9th\u00a09th\u00a0 IABMAS: International Conference on Bridge Maintenance, Safety and Management<\/em>. Melbourne 9-13 July 2018. ISBN: 978-113873045-8<\/p>\n<p>Bosco G., <strong>Limongelli M.P., <\/strong>Corus M., Bourquin F. (2018). Vibration-based damage identification in a scaled asymmetric building. <em>16th\u00a0European Conference on Earthquake Engineering<\/em>. Thessaloniki June 2018.<\/p>\n<p>Prendergast L.; Gavin K.; Zanini M.; Faleschini F.; Ademovic N.; <strong>Limongelli M.P<\/strong>. (2018) Monitoring-based performance parameters for assessment of bridges under scour and seismic hazards. <em>16th European Conference on Earthquake Engineering<\/em>. Thessaloniki June 2018.<\/p>\n<p><strong>Limongelli M.P.<\/strong> (2017). The modal surface interpolation method for damage localization. 12th International Conference on Damage Assessment of Structures. IOP Conf. Series: <em>Journal of Physics: Conf. Series<\/em> 842. 012004 doi :10.1088\/1742-6596\/842\/1\/012004<\/p>\n<p><strong>Limongelli M.P.<\/strong>; Tirone M.; Surace C. (2017) <a href=\"http:\/\/proceedings.spiedigitallibrary.org\/proceeding.aspx?articleid=2618060&amp;resultClick=1\">Non-destructive monitoring of a prestressed bridge with a data-driven method<\/a> <em>Proc. SPIE. 10170, Health Monitoring of Structural and Biological Systems 2017, 1017033. <\/em>(April 05, 2017) doi: 10.1117\/12.2258381<\/p>\n<p><strong>Limongelli M.P.<\/strong>, D. Siegert D., Merliot E., Waeytens J., Bourquin F., Vidal R., Le Corvec V., Gueguen I., Cottineau L. M. (2017). Experimental investigation and damage assessment in a post-tensioned concrete beam. <em>European Geosciences Union General Assembly<\/em>, Vol. 18, EGU2017-19225, 2017. Vienna, 17-22 April 2016.<\/p>\n<p><strong>Limongelli M.P.<\/strong>, Domaneschi M., Martinelli L., (2016). Vibration-based damage severity estimation basing on a non-model damage feature. <em>IALCCE 2016. Life-Cycle of Engineering Systems: Emphasis on Sustainable Civil Infrastructure.<\/em> October, 16-19, 2016. Delft, The Netherlands. ISBN 978-1-138-02847-0<\/p>\n<p>Martinelli L., Domaneschi M., <strong>Limongelli M.P.<\/strong> (2016). Vibration-based damage assessment basing on a data driven damage feature. <em>Proceedings of the 8th International Conference on Bridge Maintenance, Safety and Management, IABMAS 2016<\/em>, Pages 364-371 Foz do Igua\u00e7u; Brazil; 26 -30 June 2016.<\/p>\n<p><strong>Limongelli<\/strong><strong> M.P.<\/strong>, Siegert D., Merliot E., Waeytens J., Bourquin F., Vidal R., Le Corvec V., Gueguen I., Cottineau L.M., (2016). Experimental damage identification in a post-tensioned concrete beam. IABMAS 2016. <em>Proceedings of the 8th International Conference on Bridge Maintenance, Safety and Management, IABMAS 2016<\/em>, Pages 608-615 Foz do Igua\u00e7u; Brazil; 26 -30 June 2016.<\/p>\n<p>Martinelli L., Domaneschi M., <strong>Limongelli M.P.<\/strong> (2016) Assessing damage intensity basing on a non-model damage feature on a long span suspension bridge model. In book: <em>Insights and Innovations in Structural Engineering, Mechanics and Computation<\/em>. DOI: 10.1201\/9781315641645-315<\/p>\n<p>Iacovino C., Ditommaso R., <strong>Limongelli M.P.<\/strong>, Ponzo F.C. (2016). Comparison of the performance of two different approaches for damage detection on framed structures. <em>8th European Workshop On Structural Health Monitoring (EWSHM 2016<\/em>), pp. 2017-2026. 5-8 July 2016, Spain, Bilbao. ISBN. 978-151082793-6.<\/p>\n<p><strong>Limongelli M.P.<\/strong>, Chatzi E., Dohler M., Lombaert G., Reynders E. (2016). Towards extraction of vibration-based damage indicators. <em>8th European Workshop On Structural Health Monitoring (EWSHM 2016)<\/em>, pp. 546-555. 5-8 July 2016, Spain, Bilbao.<\/p>\n<p><strong>Limongelli M.P.<\/strong> (2016). Damage localization using the modal interpolation method. <em>8th European Workshop On Structural Health Monitoring (EWSHM 2016)<\/em>, pp. 510-519. 5-8 July 2016, Spain, Bilbao.<\/p>\n<p>Limongelli M.P., Morassi A., (2015). Experimental verification of the Interpolation Method on a real damaged bridge \u201c. <em>DAMAS 2015<\/em> &#8211; <em>11th International conference on damage assessment of structures. <\/em>Ghent University, Belgium. 24-26 August 2015. <em>Key Engineering Materials<\/em>.<\/p>\n<p>Limongelli M.P., Carvelli V., (2015). Damage localization in a glass fiber reinforced composite plate via the surface interpolation method\u201c. <em>DAMAS 2015<\/em>.- <em>11th International conference on damage assessment of structures. <\/em>Ghent University, Belgium. 24-26 August 2015. <em>Key Engineering Materials<\/em>.<\/p>\n<p><strong>Limongelli, M.P.<\/strong> Siegert D., Merliot E., Vidal R., Waeytens J., Bourquin F., Le Corvec V., Gueguen I., Cottineau L.M. (2015). Static and dynamic testing of a damaged post-tensioned concrete beam. In: <em>Proc. EVACES 2015. MATEC WEB OF CONFERENCES<\/em>, p. 10-17, ISSN: 2261-236X, Empa, D\u00fcbendorf, Switzerland<\/p>\n<p>Limongelli M.P., M. Domaneschi, L. Martinelli, M. Dilena, A. Morassi (2015). A monitoring-based indicator of local stiffness reduction. eBook of the 1st Workshop Meeting COST Action TU1406, Geneva, September 21st-22nd 2015. ETH-Z\u00fcrich.<\/p>\n<p>Waeytens J., <strong>Limongelli M.P.<\/strong>, Merliot E., Siegert D., Chapeleau X., Vidal R., Le Corvec V., Cottineau L.M., (2015). \u201cD\u00e9tection d\u2019endommagement dans une poutre en b\u00e9ton pr\u00e9contraint par recalage de mod\u00e8les et mesures par fibres optiques\u201c. <em>33\u00e8mes Rencontres de l\u2019AUGC, ISABTP\/UPPA, Anglet, 27 au 29 mai 2015<\/em><\/p>\n<p><strong>M.P. Limongelli<\/strong>, M. Domaneschi, L. Martinelli, M. Dilena, A. Morassi, A. Zambrano, A. Gecchelin . (2015). \u201cThe interpolation method for the detection of localized stiffness losses\u201d. <em>Proceedings of the 1st Workshop of COST Action TU1402. ISBN: 978-8-77-877426-2<\/em> DTU Civil Engineering Report: R-336.<\/p>\n<p>Domaneschi M., <strong>Limongelli M.P.,<\/strong> Martinelli L. (2014). \u201cVibration-based Damage Localization in a Cable-stayed Bridge\u201d. 6WCSCM. <em>The Sixth World Conference on Structural Control and Monitoring. <\/em>Barcellona, Spain 15-17 July 2014.<\/p>\n<p>Domaneschi M., <strong>Limongelli M.P.<\/strong>, Martinelli L. (2014). Damage identification in a benchmark cable-stayed bridge using the Interpolation Method. 7EWSHM. <em>The Seventh European Workshop on Structural Health Monitoring<\/em>. Nantes, France July 7-11, 2014<\/p>\n<p>Domaneschi M., <strong>Limongelli M.P.,<\/strong> Martinelli L. (2014). Damage Localization on a Suspension Bridge basing on wind induced vibrations. <em>CIVIL-COMP PROCEEDINGS, p. 1-13, Civil-Comp Press, Stirlingshire<\/em>, Scotland:B.H.V. Topping and P. Iv\u00e1nyi, ISBN: 978-1-905088-58-4, ISSN: 1759-3433, Cagliari, Sardinia, Italy, September 3-6, 2013<\/p>\n<p>Domaneschi M., <strong>Limongelli M.P.<\/strong>, Martinelli L. (2013).\u201dInterpolation Damage Detection Method on a Suspension Bridge Model: Influence of Sensors Disturbances\u201d. <em>10th International conference on damage assessment of structures. DAMAS 2013<\/em>. Dublin Ireland. July 8-10 2013.<em>Key Engineering Materials<\/em>. Vol. 569-570, 734-741<\/p>\n<p><strong>Limongelli M.P. <\/strong>(2013). \u201cTwo dimensional damage localization using the interpolation method\u201d. <em>DAMAS 2013. 10th International conference on damage assessment of structures<\/em>. Dublin Ireland. July 8-10 2013.Key Engineering Materials. Vol. 569-570, 860-867<\/p>\n<p><strong>Limongelli M.P.<\/strong> \u201cThe Interpolation Method for damage localization in an instrumented steel frame structure\u201d. <em>15<sup>th<\/sup> World Conference on Earthquake Engineering, <\/em>Lisbona, 24-28 September, 2012.<\/p>\n<p>Domaneschi M., <strong>Limongelli M.P.<\/strong>, Martinelli L. (2012). \u201cDamage detection in a suspension bridge model using the Interpolation Damage Detection Method\u201d. <em>Bridge Maintenance, Safety, Management, Resilience and Sustainability<\/em> <em>\u2013 Biondini &amp; Frangopol (Eds)<\/em> \u00a9 2012 Taylor &amp; Francis Group, London, ISBN 978-0-415-62124-3.<\/p>\n<p>Domaneschi M., <strong>Limongelli M.P.<\/strong>, Martinelli L. (2012). \u201cInterpolation Damage Detection Method on a Suspension Bridge Model: Influence of Sensors Disturbances\u201d. <em>EACS 2012 \u2013 5th European Conference on Structural Control.<\/em> Genoa, Italy \u2013 18-20 June 2012. ISBN 978-88-95023-13-7<\/p>\n<p>Domaneschi M., <strong>Limongelli M.P.<\/strong>, Martinelli L. (2011). \u201cWind Driven Damage Detection On A Suspended Bridge\u201d. <em>EVACES 2011. Experimental Vibration Analysis for Civil Engineering Structures <\/em>\u2013Varenna (Italy). 3\u20115\u00a0Ottobre 2011. ISBN 978-88-96225-39-4<\/p>\n<p><strong>Limongelli M.P.<\/strong> (2009). \u201cStatistical damage detection through process control\u201d.\u00a0 <em>EVACES Experimental Vibration Analysis for Civil Engineering Structures. Wroclav (Poland)<\/em>. 14-16 October.<\/p>\n<p><strong>Limongelli M.P.<\/strong> (2009). \u201cHealth Monitoring Of Partially Instrumented Structures\u201d(2009). CC2009. <em>The Twelfth International Conference on Civil, Structural and Environmental Engineering Computing<\/em>. 1-4\u00a0 September 2009.<\/p>\n<p><strong>Limongelli M.P.<\/strong> (2009). \u201cA damage detection approach based on responses interpolation. <em>IOMAC Conference<\/em>. Portonovo\u00a0(Ancona). 4-6 May 2009.<\/p>\n<p><strong>Limongelli M.P. <\/strong>(2008). \u201cStructural health monitoring based on time series analysis\u201d.<em> 4<sup>th<\/sup> European Conference on Structural Control, <\/em>San Pietroburgo (Russia), 8-12 September 2008.<\/p>\n<p><strong>Limongelli M.P.<\/strong> (2008).\u201cTime-Response-Based Damage Detection Approach\u201d. 14<sup>th<\/sup> World Conference on Earthquake Engineering, Pechino (Cina), 12-17 October, 2008.<\/p>\n<p><strong>Limongelli M.P.<\/strong> (2004) \u201cResponse prediction of multistory buildings using a spline-based reconstructor\u201d <em>3<sup>rd<\/sup> European Conference on Structural Control, <\/em>Vienna (Austria), 12-15 July 2004.<\/p>\n<p><strong>Limongelli M.P.<\/strong> (2004). \u201cModeling of unknown seismic responses of a partially instrumented bridge structure\u201d <em>13<sup>rd<\/sup> World Conference on Earthquake Engineering, <\/em>Vancouver (Canada), 1-6 Agosto, 2004.<\/p>\n<p>Gentile C., <strong>Limongelli M.P.<\/strong> (2004). \u201cModellazione numerica di un viadotto ferroviario ad archi in muratura e correlazione con la caratterizzazione dinamica modale\u201d.<em>Atti del<\/em> <em>II Workshop Problemi di vibrazioni nelle strutture civili e nelle costruzioni meccaniche.<\/em> June 10-11. 2004. Perugia, Italy.<\/p>\n","protected":false},"excerpt":{"rendered":"<p>In the last 30 years, vibration-based methods for Structural Health Monitoring of civil structures have been receiving increasing attention from<\/p>\n<p> &hellip; <a href=\"https:\/\/limongelli.faculty.test.polimi.it\/?page_id=532\" class=\"more-link\">Continue reading <span class=\"screen-reader-text\">Vibration-based monitoring<\/span><\/a><\/p>\n","protected":false},"author":2,"featured_media":0,"parent":0,"menu_order":0,"comment_status":"closed","ping_status":"closed","template":"","meta":{"footnotes":""},"class_list":["post-532","page","type-page","status-publish","hentry"],"jetpack_sharing_enabled":true,"_links":{"self":[{"href":"https:\/\/limongelli.faculty.test.polimi.it\/index.php?rest_route=\/wp\/v2\/pages\/532","targetHints":{"allow":["GET"]}}],"collection":[{"href":"https:\/\/limongelli.faculty.test.polimi.it\/index.php?rest_route=\/wp\/v2\/pages"}],"about":[{"href":"https:\/\/limongelli.faculty.test.polimi.it\/index.php?rest_route=\/wp\/v2\/types\/page"}],"author":[{"embeddable":true,"href":"https:\/\/limongelli.faculty.test.polimi.it\/index.php?rest_route=\/wp\/v2\/users\/2"}],"replies":[{"embeddable":true,"href":"https:\/\/limongelli.faculty.test.polimi.it\/index.php?rest_route=%2Fwp%2Fv2%2Fcomments&post=532"}],"version-history":[{"count":7,"href":"https:\/\/limongelli.faculty.test.polimi.it\/index.php?rest_route=\/wp\/v2\/pages\/532\/revisions"}],"predecessor-version":[{"id":684,"href":"https:\/\/limongelli.faculty.test.polimi.it\/index.php?rest_route=\/wp\/v2\/pages\/532\/revisions\/684"}],"wp:attachment":[{"href":"https:\/\/limongelli.faculty.test.polimi.it\/index.php?rest_route=%2Fwp%2Fv2%2Fmedia&parent=532"}],"curies":[{"name":"wp","href":"https:\/\/api.w.org\/{rel}","templated":true}]}}