{"id":55,"date":"2021-05-10T11:25:23","date_gmt":"2021-05-10T11:25:23","guid":{"rendered":"https:\/\/limongelli.faculty.test.polimi.it\/?page_id=55"},"modified":"2022-05-20T13:52:31","modified_gmt":"2022-05-20T13:52:31","slug":"people","status":"publish","type":"page","link":"https:\/\/limongelli.faculty.test.polimi.it\/?page_id=55","title":{"rendered":"People"},"content":{"rendered":"\n<div class=\"wp-block-image is-style-rounded\"><figure class=\"aligncenter size-full is-resized\"><img loading=\"lazy\" decoding=\"async\" src=\"https:\/\/limongelli.faculty.test.polimi.it\/wp-content\/uploads\/2022\/05\/mpl.jpg\" alt=\"\" class=\"wp-image-808\" width=\"200\" height=\"200\" srcset=\"https:\/\/limongelli.faculty.test.polimi.it\/wp-content\/uploads\/2022\/05\/mpl.jpg 400w, https:\/\/limongelli.faculty.test.polimi.it\/wp-content\/uploads\/2022\/05\/mpl-300x300.jpg 300w, https:\/\/limongelli.faculty.test.polimi.it\/wp-content\/uploads\/2022\/05\/mpl-150x150.jpg 150w, https:\/\/limongelli.faculty.test.polimi.it\/wp-content\/uploads\/2022\/05\/mpl-116x116.jpg 116w\" sizes=\"auto, (max-width: 200px) 100vw, 200px\" \/><\/figure><\/div>\n\n\n\n<p class=\"has-text-align-center\"><strong>Maria Pina Limongelli<\/strong><\/p>\n\n\n\n<p><br>I am a Structural Engineer and PhD in Seismic Engineering, I am Associate Professor at&nbsp;<strong>Politecnico di Milano<\/strong>, where I teach at Master courses on Seismic Constructions and PhD courses on Structural Health Monitoring (SHM) and damage detection. My research activity is focused on Structural Health Monitoring. In this field I manly contributed to vibration-based damage detection, value of information from SHM for emergency management, and SHM Standardization. I have co-edited a book on Seismic SHM. I am involved in several national and international research projects on topics related to SHM and I have supervised several PhD students on topics related to my research activity. I am active with leading roles in several international committees and associations: WP3 Reporter in&nbsp;<strong>JCSS<\/strong>, co-convener of&nbsp;<strong>fib TG3.3<\/strong>,&nbsp;<strong>ISHMII<\/strong>&nbsp;Council member; consulting member of the&nbsp;<strong>ACI SHM group,<\/strong>&nbsp;member of the SHM guidelines group of&nbsp;<strong>UNI<\/strong>, vice-leader of the&nbsp;<strong>IABSE<\/strong>&nbsp;e-learning board. During my career I have been visiting researcher at UCSD (California, US), NTUA (Greece), IFFSTAR (France) and ENPC (France). <a rel=\"noreferrer noopener\" href=\"https:\/\/limongelli.faculty.test.polimi.it\/wp-content\/uploads\/2022\/02\/CV_Maria_Pina_Limongelli.pdf\" target=\"_blank\">Download my CV<\/a><\/p>\n\n\n\n<p class=\"has-text-align-center\"><\/p>\n\n\n\n<p><\/p>\n\n\n\n<p><\/p>\n\n\n\n<p><\/p>\n\n\n\n<h2 class=\"has-text-align-center wp-block-heading\">Research team<\/h2>\n\n\n\n<p><\/p>\n\n\n\n<p><\/p>\n\n\n\n<div class=\"wp-block-columns is-layout-flex wp-container-core-columns-is-layout-9d6595d7 wp-block-columns-is-layout-flex\">\n<div class=\"wp-block-column is-layout-flow wp-block-column-is-layout-flow\">\n<div class=\"wp-block-image is-style-rounded\"><figure class=\"aligncenter size-full is-resized\"><a href=\"https:\/\/limongelli.faculty.test.polimi.it\/?page_id=846\"><img loading=\"lazy\" decoding=\"async\" src=\"https:\/\/limongelli.faculty.test.polimi.it\/wp-content\/uploads\/2022\/05\/giordano-681x1024-1.jpg\" alt=\"\" class=\"wp-image-813\" width=\"170\" height=\"170\" srcset=\"https:\/\/limongelli.faculty.test.polimi.it\/wp-content\/uploads\/2022\/05\/giordano-681x1024-1.jpg 681w, https:\/\/limongelli.faculty.test.polimi.it\/wp-content\/uploads\/2022\/05\/giordano-681x1024-1-300x300.jpg 300w, https:\/\/limongelli.faculty.test.polimi.it\/wp-content\/uploads\/2022\/05\/giordano-681x1024-1-150x150.jpg 150w, https:\/\/limongelli.faculty.test.polimi.it\/wp-content\/uploads\/2022\/05\/giordano-681x1024-1-116x116.jpg 116w\" sizes=\"auto, (max-width: 170px) 100vw, 170px\" \/><\/a><\/figure><\/div>\n\n\n\n<p class=\"has-text-align-center\"><strong>Pier Francesco Giordano<\/strong> <br>Value of information<br>Satellite InSAR monitoring<br>Standardization<br>Vibration-based monitoring<\/p>\n<\/div>\n\n\n\n<div class=\"wp-block-column is-layout-flow wp-block-column-is-layout-flow\">\n<div class=\"wp-block-image is-style-rounded\"><figure class=\"aligncenter size-large is-resized\"><a href=\"https:\/\/limongelli.faculty.test.polimi.it\/?page_id=883\"><img loading=\"lazy\" decoding=\"async\" src=\"https:\/\/limongelli.faculty.test.polimi.it\/wp-content\/uploads\/2022\/05\/thumbnail__DSC0116_crop-1022x1024.jpg\" alt=\"\" class=\"wp-image-873\" width=\"170\" height=\"170\" srcset=\"https:\/\/limongelli.faculty.test.polimi.it\/wp-content\/uploads\/2022\/05\/thumbnail__DSC0116_crop-1022x1024.jpg 1022w, https:\/\/limongelli.faculty.test.polimi.it\/wp-content\/uploads\/2022\/05\/thumbnail__DSC0116_crop-300x300.jpg 300w, https:\/\/limongelli.faculty.test.polimi.it\/wp-content\/uploads\/2022\/05\/thumbnail__DSC0116_crop-150x150.jpg 150w, https:\/\/limongelli.faculty.test.polimi.it\/wp-content\/uploads\/2022\/05\/thumbnail__DSC0116_crop-768x769.jpg 768w, https:\/\/limongelli.faculty.test.polimi.it\/wp-content\/uploads\/2022\/05\/thumbnail__DSC0116_crop-116x116.jpg 116w, https:\/\/limongelli.faculty.test.polimi.it\/wp-content\/uploads\/2022\/05\/thumbnail__DSC0116_crop.jpg 1042w\" sizes=\"auto, (max-width: 170px) 100vw, 170px\" \/><\/a><\/figure><\/div>\n\n\n\n<p class=\"has-text-align-center\"><strong>Michele Bolognini<\/strong><br>Vision-based monitoring    <br>UAVs<\/p>\n<\/div>\n\n\n\n<div class=\"wp-block-column is-layout-flow wp-block-column-is-layout-flow\">\n<div class=\"wp-block-image is-style-rounded\"><figure class=\"aligncenter size-full is-resized\"><a href=\"https:\/\/limongelli.faculty.test.polimi.it\/?page_id=848\"><img loading=\"lazy\" decoding=\"async\" src=\"https:\/\/limongelli.faculty.test.polimi.it\/wp-content\/uploads\/2022\/05\/turksezer-681x1024-1.jpg\" alt=\"\" class=\"wp-image-817\" width=\"170\" height=\"170\" srcset=\"https:\/\/limongelli.faculty.test.polimi.it\/wp-content\/uploads\/2022\/05\/turksezer-681x1024-1.jpg 681w, https:\/\/limongelli.faculty.test.polimi.it\/wp-content\/uploads\/2022\/05\/turksezer-681x1024-1-300x300.jpg 300w, https:\/\/limongelli.faculty.test.polimi.it\/wp-content\/uploads\/2022\/05\/turksezer-681x1024-1-150x150.jpg 150w, https:\/\/limongelli.faculty.test.polimi.it\/wp-content\/uploads\/2022\/05\/turksezer-681x1024-1-116x116.jpg 116w\" sizes=\"auto, (max-width: 170px) 100vw, 170px\" \/><\/a><\/figure><\/div>\n\n\n\n<p class=\"has-text-align-center\"><strong>Zehra Irem Turksezer<\/strong><br>Resilience modelling<br>Standardization<\/p>\n<\/div>\n\n\n\n<div class=\"wp-block-column is-layout-flow wp-block-column-is-layout-flow\">\n<div class=\"wp-block-image is-style-rounded\"><figure class=\"aligncenter size-large is-resized\"><a href=\"https:\/\/limongelli.faculty.test.polimi.it\/?page_id=888\"><img loading=\"lazy\" decoding=\"async\" src=\"https:\/\/limongelli.faculty.test.polimi.it\/wp-content\/uploads\/2022\/05\/merve-1-1017x1024.jpg\" alt=\"\" class=\"wp-image-871\" width=\"170\" height=\"170\" srcset=\"https:\/\/limongelli.faculty.test.polimi.it\/wp-content\/uploads\/2022\/05\/merve-1-1017x1024.jpg 1017w, https:\/\/limongelli.faculty.test.polimi.it\/wp-content\/uploads\/2022\/05\/merve-1-298x300.jpg 298w, https:\/\/limongelli.faculty.test.polimi.it\/wp-content\/uploads\/2022\/05\/merve-1-150x150.jpg 150w, https:\/\/limongelli.faculty.test.polimi.it\/wp-content\/uploads\/2022\/05\/merve-1-768x773.jpg 768w, https:\/\/limongelli.faculty.test.polimi.it\/wp-content\/uploads\/2022\/05\/merve-1-115x116.jpg 115w, https:\/\/limongelli.faculty.test.polimi.it\/wp-content\/uploads\/2022\/05\/merve-1.jpg 1424w\" sizes=\"auto, (max-width: 170px) 100vw, 170px\" \/><\/a><\/figure><\/div>\n\n\n\n<p class=\"has-text-align-center\"><strong>Nilg\u00fcn Merve \u00c7a\u011flar<\/strong><br>Deterioration modelling <br>Value of Information<\/p>\n<\/div>\n<\/div>\n\n\n\n<p><\/p>\n\n\n\n<div class=\"wp-block-columns is-layout-flex wp-container-core-columns-is-layout-9d6595d7 wp-block-columns-is-layout-flex\">\n<div class=\"wp-block-column is-layout-flow wp-block-column-is-layout-flow\">\n<div class=\"wp-block-image is-style-rounded\"><figure class=\"aligncenter size-full is-resized\"><a href=\"https:\/\/limongelli.faculty.test.polimi.it\/?page_id=896\"><img loading=\"lazy\" decoding=\"async\" src=\"https:\/\/limongelli.faculty.test.polimi.it\/wp-content\/uploads\/2022\/05\/GC.jpg\" alt=\"\" class=\"wp-image-878\" width=\"170\" height=\"170\" srcset=\"https:\/\/limongelli.faculty.test.polimi.it\/wp-content\/uploads\/2022\/05\/GC.jpg 984w, https:\/\/limongelli.faculty.test.polimi.it\/wp-content\/uploads\/2022\/05\/GC-300x300.jpg 300w, https:\/\/limongelli.faculty.test.polimi.it\/wp-content\/uploads\/2022\/05\/GC-150x150.jpg 150w, https:\/\/limongelli.faculty.test.polimi.it\/wp-content\/uploads\/2022\/05\/GC-768x768.jpg 768w, https:\/\/limongelli.faculty.test.polimi.it\/wp-content\/uploads\/2022\/05\/GC-116x116.jpg 116w\" sizes=\"auto, (max-width: 170px) 100vw, 170px\" \/><\/a><\/figure><\/div>\n\n\n\n<p class=\"has-text-align-center\"><strong>Giancarlo Costa<\/strong> <br>Value of Information<\/p>\n<\/div>\n\n\n\n<div class=\"wp-block-column is-layout-flow wp-block-column-is-layout-flow\">\n<div class=\"wp-block-image is-style-rounded\"><figure class=\"aligncenter size-full is-resized\"><a href=\"https:\/\/limongelli.faculty.test.polimi.it\/?page_id=898\"><img loading=\"lazy\" decoding=\"async\" src=\"https:\/\/limongelli.faculty.test.polimi.it\/wp-content\/uploads\/2022\/05\/Nisrine-214x300-1.jpg\" alt=\"\" class=\"wp-image-879\" width=\"170\" height=\"170\" srcset=\"https:\/\/limongelli.faculty.test.polimi.it\/wp-content\/uploads\/2022\/05\/Nisrine-214x300-1.jpg 214w, https:\/\/limongelli.faculty.test.polimi.it\/wp-content\/uploads\/2022\/05\/Nisrine-214x300-1-150x150.jpg 150w, https:\/\/limongelli.faculty.test.polimi.it\/wp-content\/uploads\/2022\/05\/Nisrine-214x300-1-116x116.jpg 116w\" sizes=\"auto, (max-width: 170px) 100vw, 170px\" \/><\/a><\/figure><\/div>\n\n\n\n<p class=\"has-text-align-center\"><strong>Nisrine Makhoul<\/strong> <br>Resilience and data quality modelling<\/p>\n<\/div>\n\n\n\n<div class=\"wp-block-column is-layout-flow wp-block-column-is-layout-flow\">\n<div class=\"wp-block-image is-style-rounded\"><figure class=\"aligncenter size-full is-resized\"><a href=\"https:\/\/limongelli.faculty.test.polimi.it\/?page_id=900\"><img loading=\"lazy\" decoding=\"async\" src=\"https:\/\/limongelli.faculty.test.polimi.it\/wp-content\/uploads\/2022\/05\/thumbnail_square-pic.png\" alt=\"\" class=\"wp-image-876\" width=\"170\" height=\"170\" srcset=\"https:\/\/limongelli.faculty.test.polimi.it\/wp-content\/uploads\/2022\/05\/thumbnail_square-pic.png 641w, https:\/\/limongelli.faculty.test.polimi.it\/wp-content\/uploads\/2022\/05\/thumbnail_square-pic-300x300.png 300w, https:\/\/limongelli.faculty.test.polimi.it\/wp-content\/uploads\/2022\/05\/thumbnail_square-pic-150x150.png 150w, https:\/\/limongelli.faculty.test.polimi.it\/wp-content\/uploads\/2022\/05\/thumbnail_square-pic-116x116.png 116w\" sizes=\"auto, (max-width: 170px) 100vw, 170px\" \/><\/a><\/figure><\/div>\n\n\n\n<p class=\"has-text-align-center\"><strong>Said Quqa<\/strong> <br>Vibration-based monitoring<\/p>\n<\/div>\n\n\n\n<div class=\"wp-block-column is-layout-flow wp-block-column-is-layout-flow\">\n<div class=\"wp-block-image is-style-rounded\"><figure class=\"aligncenter size-large is-resized\"><a href=\"https:\/\/limongelli.faculty.test.polimi.it\/?page_id=902\"><img loading=\"lazy\" decoding=\"async\" src=\"https:\/\/limongelli.faculty.test.polimi.it\/wp-content\/uploads\/2022\/05\/O.L.-Foto-1024x1024.jpeg\" alt=\"\" class=\"wp-image-872\" width=\"170\" height=\"170\" srcset=\"https:\/\/limongelli.faculty.test.polimi.it\/wp-content\/uploads\/2022\/05\/O.L.-Foto-1024x1024.jpeg 1024w, https:\/\/limongelli.faculty.test.polimi.it\/wp-content\/uploads\/2022\/05\/O.L.-Foto-300x300.jpeg 300w, https:\/\/limongelli.faculty.test.polimi.it\/wp-content\/uploads\/2022\/05\/O.L.-Foto-150x150.jpeg 150w, https:\/\/limongelli.faculty.test.polimi.it\/wp-content\/uploads\/2022\/05\/O.L.-Foto-768x768.jpeg 768w, https:\/\/limongelli.faculty.test.polimi.it\/wp-content\/uploads\/2022\/05\/O.L.-Foto-1536x1536.jpeg 1536w, https:\/\/limongelli.faculty.test.polimi.it\/wp-content\/uploads\/2022\/05\/O.L.-Foto-2048x2048.jpeg 2048w, https:\/\/limongelli.faculty.test.polimi.it\/wp-content\/uploads\/2022\/05\/O.L.-Foto-116x116.jpeg 116w\" sizes=\"auto, (max-width: 170px) 100vw, 170px\" \/><\/a><\/figure><\/div>\n\n\n\n<p class=\"has-text-align-center\"><strong>Othmane Lasri<\/strong> <br>Satellite InSAR monitoring<\/p>\n<\/div>\n<\/div>\n\n\n\n<p><\/p>\n\n\n\n<p><\/p>\n\n\n\n<h2 class=\"has-text-align-center wp-block-heading\">Visiting<\/h2>\n\n\n\n<p><\/p>\n\n\n\n<div class=\"wp-block-columns is-layout-flex wp-container-core-columns-is-layout-9d6595d7 wp-block-columns-is-layout-flex\">\n<div class=\"wp-block-column is-layout-flow wp-block-column-is-layout-flow\"><\/div>\n\n\n\n<div class=\"wp-block-column is-layout-flow wp-block-column-is-layout-flow\">\n<div class=\"wp-block-image is-style-rounded\"><figure class=\"aligncenter size-full is-resized\"><a href=\"https:\/\/limongelli.faculty.test.polimi.it\/?page_id=904\"><img loading=\"lazy\" decoding=\"async\" src=\"https:\/\/limongelli.faculty.test.polimi.it\/wp-content\/uploads\/2022\/05\/thumbnail_MariaPregnolatoPic_square.png\" alt=\"\" class=\"wp-image-874\" width=\"170\" height=\"170\" srcset=\"https:\/\/limongelli.faculty.test.polimi.it\/wp-content\/uploads\/2022\/05\/thumbnail_MariaPregnolatoPic_square-150x150.png 150w, https:\/\/limongelli.faculty.test.polimi.it\/wp-content\/uploads\/2022\/05\/thumbnail_MariaPregnolatoPic_square-115x116.png 115w\" sizes=\"auto, (max-width: 170px) 100vw, 170px\" \/><\/a><\/figure><\/div>\n\n\n\n<p class=\"has-text-align-center\"><strong>Maria Pregnolato<\/strong><br>Extreme flooding<br>Scour Risk management <br><\/p>\n<\/div>\n\n\n\n<div class=\"wp-block-column is-layout-flow wp-block-column-is-layout-flow\">\n<div class=\"wp-block-image is-style-rounded\"><figure class=\"aligncenter size-full is-resized\"><img loading=\"lazy\" decoding=\"async\" src=\"https:\/\/limongelli.faculty.test.polimi.it\/wp-content\/uploads\/2022\/05\/thumbnail_photo.jpg\" alt=\"\" class=\"wp-image-875\" width=\"170\" height=\"170\" srcset=\"https:\/\/limongelli.faculty.test.polimi.it\/wp-content\/uploads\/2022\/05\/thumbnail_photo.jpg 681w, https:\/\/limongelli.faculty.test.polimi.it\/wp-content\/uploads\/2022\/05\/thumbnail_photo-300x300.jpg 300w, https:\/\/limongelli.faculty.test.polimi.it\/wp-content\/uploads\/2022\/05\/thumbnail_photo-150x150.jpg 150w, https:\/\/limongelli.faculty.test.polimi.it\/wp-content\/uploads\/2022\/05\/thumbnail_photo-116x116.jpg 116w\" sizes=\"auto, (max-width: 170px) 100vw, 170px\" \/><\/figure><\/div>\n\n\n\n<p class=\"has-text-align-center\"><strong>Cheng Xiu<\/strong><br>Vibration-based monitoring and data fusion<br><\/p>\n<\/div>\n\n\n\n<div class=\"wp-block-column is-layout-flow wp-block-column-is-layout-flow\"><\/div>\n<\/div>\n","protected":false},"excerpt":{"rendered":"<p><img loading=\"lazy\" decoding=\"async\" src=\"https:\/\/limongelli.faculty.test.polimi.it\/wp-content\/uploads\/2022\/05\/mpl.jpg\" alt=\"\" class=\"wp-image-808\" width=\"200\" height=\"200\" srcset=\"https:\/\/limongelli.faculty.test.polimi.it\/wp-content\/uploads\/2022\/05\/mpl.jpg 400w, https:\/\/limongelli.faculty.test.polimi.it\/wp-content\/uploads\/2022\/05\/mpl-300x300.jpg 300w, https:\/\/limongelli.faculty.test.polimi.it\/wp-content\/uploads\/2022\/05\/mpl-150x150.jpg 150w, https:\/\/limongelli.faculty.test.polimi.it\/wp-content\/uploads\/2022\/05\/mpl-116x116.jpg 116w\" sizes=\"auto, (max-width: 200px) 100vw, &hellip; <a href=\"https:\/\/limongelli.faculty.test.polimi.it\/?page_id=55\" class=\"more-link\">Continue reading <span class=\"screen-reader-text\">People<\/span><\/a><\/p>\n","protected":false},"author":2,"featured_media":0,"parent":0,"menu_order":0,"comment_status":"closed","ping_status":"closed","template":"page-templates\/full-width.php","meta":{"footnotes":""},"class_list":["post-55","page","type-page","status-publish","hentry"],"jetpack_sharing_enabled":true,"_links":{"self":[{"href":"https:\/\/limongelli.faculty.test.polimi.it\/index.php?rest_route=\/wp\/v2\/pages\/55","targetHints":{"allow":["GET"]}}],"collection":[{"href":"https:\/\/limongelli.faculty.test.polimi.it\/index.php?rest_route=\/wp\/v2\/pages"}],"about":[{"href":"https:\/\/limongelli.faculty.test.polimi.it\/index.php?rest_route=\/wp\/v2\/types\/page"}],"author":[{"embeddable":true,"href":"https:\/\/limongelli.faculty.test.polimi.it\/index.php?rest_route=\/wp\/v2\/users\/2"}],"replies":[{"embeddable":true,"href":"https:\/\/limongelli.faculty.test.polimi.it\/index.php?rest_route=%2Fwp%2Fv2%2Fcomments&post=55"}],"version-history":[{"count":85,"href":"https:\/\/limongelli.faculty.test.polimi.it\/index.php?rest_route=\/wp\/v2\/pages\/55\/revisions"}],"predecessor-version":[{"id":939,"href":"https:\/\/limongelli.faculty.test.polimi.it\/index.php?rest_route=\/wp\/v2\/pages\/55\/revisions\/939"}],"wp:attachment":[{"href":"https:\/\/limongelli.faculty.test.polimi.it\/index.php?rest_route=%2Fwp%2Fv2%2Fmedia&parent=55"}],"curies":[{"name":"wp","href":"https:\/\/api.w.org\/{rel}","templated":true}]}}